{"id":23,"date":"2023-12-12T20:29:04","date_gmt":"2023-12-12T23:29:04","guid":{"rendered":"http:\/\/diversoclassificados.com\/?page_id=23"},"modified":"2026-01-10T11:30:26","modified_gmt":"2026-01-10T14:30:26","slug":"sobre-nos","status":"publish","type":"page","link":"https:\/\/diversoclassificados.com\/?page_id=23","title":{"rendered":"Sobre n\u00f3s"},"content":{"rendered":"\t\t<div data-elementor-type=\"wp-page\" data-elementor-id=\"23\" class=\"elementor elementor-23\">\n\t\t\t\t<div class=\"elementor-element elementor-element-deb1a29 e-flex e-con-boxed e-con e-parent\" data-id=\"deb1a29\" data-element_type=\"container\" data-e-type=\"container\">\n\t\t\t\t\t<div class=\"e-con-inner\">\n\t\t\t\t<div class=\"elementor-element elementor-element-904628c elementor-widget elementor-widget-heading\" data-id=\"904628c\" data-element_type=\"widget\" data-e-type=\"widget\" data-widget_type=\"heading.default\">\n\t\t\t\t<div class=\"elementor-widget-container\">\n\t\t\t\t\t<h2 class=\"elementor-heading-title elementor-size-xl\">Ol\u00e1! Sejam bem-vindos ao Diverso Classificados.<\/h2>\t\t\t\t<\/div>\n\t\t\t\t<\/div>\n\t\t\t\t\t<\/div>\n\t\t\t\t<\/div>\n\t\t<div class=\"elementor-element elementor-element-f808dec e-flex e-con-boxed e-con e-parent\" data-id=\"f808dec\" data-element_type=\"container\" data-e-type=\"container\">\n\t\t\t\t\t<div class=\"e-con-inner\">\n\t\t\t\t<div class=\"elementor-element elementor-element-9aeb502 elementor-widget elementor-widget-text-editor\" data-id=\"9aeb502\" data-element_type=\"widget\" data-e-type=\"widget\" data-widget_type=\"text-editor.default\">\n\t\t\t\t<div class=\"elementor-widget-container\">\n\t\t\t\t\t\t\t\t\t<p>Pensando nas dificuldades que as pessoas sofrem ao tentar disseminar informa\u00e7\u00f5es, vender produtos, divulgar um evento e etc, decidimos montar uma plataforma que democratiza o acesso e a divulga\u00e7\u00e3o de informa\u00e7\u00f5es variadas em forma de classificados. Atualmente, somos uma equipe que conta com poucos colaboradores, mas que possui muita vontade de crescer e amadurecer no mercado.<\/p>\n<p>Nosso espa\u00e7o, que desejamos que a partir de agora tamb\u00e9m seja seu, possui o diferencial de reunir diversas categorias de an\u00fancios em um s\u00f3 lugar. Sendo assim, isso aumenta as chances de seu an\u00fancio ser visto, pois pessoas com focos diferentes v\u00e3o acabar esbarrando em seu an\u00fancio.<\/p>\n<p>Nossa plataforma \u00e9 muito leve e l\u00fadica, al\u00e9m de f\u00e1cil de ser utilizada. Quanto a isso, ficaremos atentos \u00e0s formas de otimizar a experi\u00eancia de nossos usu\u00e1rios.<\/p>\n<p><strong>Miss\u00e3o<\/strong>: otimizar as experi\u00eancias de divulga\u00e7\u00e3o e acesso a classificados, reunindo diferentes nichos em um \u00fanico lugar.<\/p>\n<p><strong>Vis\u00e3o<\/strong>: democratizar o acesso e a divulga\u00e7\u00e3o de an\u00fancios com o menor custo poss\u00edvel para os anunciantes, de forma que venhamos a nos tornar refer\u00eancia no mercado.<\/p>\n<p><strong>Valores<\/strong>: transpar\u00eancia, simplicidade e honestidade.<\/p>\t\t\t\t\t\t\t\t<\/div>\n\t\t\t\t<\/div>\n\t\t\t\t\t<\/div>\n\t\t\t\t<\/div>\n\t\t\t\t<\/div>\n\t\t","protected":false},"excerpt":{"rendered":"<p>Ol\u00e1! Sejam bem-vindos ao Diverso Classificados. Pensando nas dificuldades que as pessoas sofrem ao tentar disseminar informa\u00e7\u00f5es, vender produtos, divulgar um evento e etc, decidimos montar uma plataforma que democratiza o acesso e a divulga\u00e7\u00e3o de informa\u00e7\u00f5es variadas em forma de classificados. Atualmente, somos uma equipe que conta com poucos colaboradores, mas que possui muita [&hellip;]<\/p>\n","protected":false},"author":1,"featured_media":144,"parent":0,"menu_order":0,"comment_status":"closed","ping_status":"closed","template":"","meta":{"footnotes":""},"class_list":["post-23","page","type-page","status-publish","has-post-thumbnail","hentry"],"yoast_head":"<!-- This site is optimized with the Yoast SEO plugin v27.5 - https:\/\/yoast.com\/product\/yoast-seo-wordpress\/ -->\n<title>Sobre n\u00f3s - Diversoclassificados<\/title>\n<meta name=\"robots\" content=\"index, follow, max-snippet:-1, max-image-preview:large, max-video-preview:-1\" \/>\n<link rel=\"canonical\" href=\"https:\/\/diversoclassificados.com\/?page_id=23\" \/>\n<meta property=\"og:locale\" content=\"pt_BR\" \/>\n<meta property=\"og:type\" content=\"article\" \/>\n<meta property=\"og:title\" content=\"Sobre n\u00f3s - Diversoclassificados\" \/>\n<meta property=\"og:description\" content=\"Ol\u00e1! Sejam bem-vindos ao Diverso Classificados. Pensando nas dificuldades que as pessoas sofrem ao tentar disseminar informa\u00e7\u00f5es, vender produtos, divulgar um evento e etc, decidimos montar uma plataforma que democratiza o acesso e a divulga\u00e7\u00e3o de informa\u00e7\u00f5es variadas em forma de classificados. Atualmente, somos uma equipe que conta com poucos colaboradores, mas que possui muita [&hellip;]\" \/>\n<meta property=\"og:url\" content=\"https:\/\/diversoclassificados.com\/?page_id=23\" \/>\n<meta property=\"og:site_name\" content=\"Diversoclassificados\" \/>\n<meta property=\"article:modified_time\" content=\"2026-01-10T14:30:26+00:00\" \/>\n<meta property=\"og:image\" content=\"http:\/\/diversoclassificados.com\/wp-content\/uploads\/2024\/01\/abstrack_backhround_blue__generated.jpg\" \/>\n\t<meta property=\"og:image:width\" content=\"1920\" \/>\n\t<meta property=\"og:image:height\" content=\"1011\" \/>\n\t<meta property=\"og:image:type\" content=\"image\/jpeg\" \/>\n<meta name=\"twitter:card\" content=\"summary_large_image\" \/>\n<meta name=\"twitter:label1\" content=\"Est. tempo de leitura\" \/>\n\t<meta name=\"twitter:data1\" content=\"2 minutos\" \/>\n<script type=\"application\/ld+json\" class=\"yoast-schema-graph\">{\"@context\":\"https:\\\/\\\/schema.org\",\"@graph\":[{\"@type\":\"WebPage\",\"@id\":\"https:\\\/\\\/diversoclassificados.com\\\/?page_id=23\",\"url\":\"https:\\\/\\\/diversoclassificados.com\\\/?page_id=23\",\"name\":\"Sobre n\u00f3s - Diversoclassificados\",\"isPartOf\":{\"@id\":\"https:\\\/\\\/diversoclassificados.com\\\/#website\"},\"primaryImageOfPage\":{\"@id\":\"https:\\\/\\\/diversoclassificados.com\\\/?page_id=23#primaryimage\"},\"image\":{\"@id\":\"https:\\\/\\\/diversoclassificados.com\\\/?page_id=23#primaryimage\"},\"thumbnailUrl\":\"https:\\\/\\\/diversoclassificados.com\\\/wp-content\\\/uploads\\\/2024\\\/01\\\/abstrack_backhround_blue__generated.jpg\",\"datePublished\":\"2023-12-12T23:29:04+00:00\",\"dateModified\":\"2026-01-10T14:30:26+00:00\",\"breadcrumb\":{\"@id\":\"https:\\\/\\\/diversoclassificados.com\\\/?page_id=23#breadcrumb\"},\"inLanguage\":\"pt-BR\",\"potentialAction\":[{\"@type\":\"ReadAction\",\"target\":[\"https:\\\/\\\/diversoclassificados.com\\\/?page_id=23\"]}]},{\"@type\":\"ImageObject\",\"inLanguage\":\"pt-BR\",\"@id\":\"https:\\\/\\\/diversoclassificados.com\\\/?page_id=23#primaryimage\",\"url\":\"https:\\\/\\\/diversoclassificados.com\\\/wp-content\\\/uploads\\\/2024\\\/01\\\/abstrack_backhround_blue__generated.jpg\",\"contentUrl\":\"https:\\\/\\\/diversoclassificados.com\\\/wp-content\\\/uploads\\\/2024\\\/01\\\/abstrack_backhround_blue__generated.jpg\",\"width\":1920,\"height\":1011},{\"@type\":\"BreadcrumbList\",\"@id\":\"https:\\\/\\\/diversoclassificados.com\\\/?page_id=23#breadcrumb\",\"itemListElement\":[{\"@type\":\"ListItem\",\"position\":1,\"name\":\"In\u00edcio\",\"item\":\"https:\\\/\\\/diversoclassificados.com\\\/\"},{\"@type\":\"ListItem\",\"position\":2,\"name\":\"Sobre n\u00f3s\"}]},{\"@type\":\"WebSite\",\"@id\":\"https:\\\/\\\/diversoclassificados.com\\\/#website\",\"url\":\"https:\\\/\\\/diversoclassificados.com\\\/\",\"name\":\"Diversoclassificados\",\"description\":\"\",\"publisher\":{\"@id\":\"https:\\\/\\\/diversoclassificados.com\\\/#organization\"},\"potentialAction\":[{\"@type\":\"SearchAction\",\"target\":{\"@type\":\"EntryPoint\",\"urlTemplate\":\"https:\\\/\\\/diversoclassificados.com\\\/?s={search_term_string}\"},\"query-input\":{\"@type\":\"PropertyValueSpecification\",\"valueRequired\":true,\"valueName\":\"search_term_string\"}}],\"inLanguage\":\"pt-BR\"},{\"@type\":\"Organization\",\"@id\":\"https:\\\/\\\/diversoclassificados.com\\\/#organization\",\"name\":\"Diversoclassificados\",\"url\":\"https:\\\/\\\/diversoclassificados.com\\\/\",\"logo\":{\"@type\":\"ImageObject\",\"inLanguage\":\"pt-BR\",\"@id\":\"https:\\\/\\\/diversoclassificados.com\\\/#\\\/schema\\\/logo\\\/image\\\/\",\"url\":\"https:\\\/\\\/diversoclassificados.com\\\/wp-content\\\/uploads\\\/2024\\\/07\\\/cropped-3-1.png\",\"contentUrl\":\"https:\\\/\\\/diversoclassificados.com\\\/wp-content\\\/uploads\\\/2024\\\/07\\\/cropped-3-1.png\",\"width\":234,\"height\":100,\"caption\":\"Diversoclassificados\"},\"image\":{\"@id\":\"https:\\\/\\\/diversoclassificados.com\\\/#\\\/schema\\\/logo\\\/image\\\/\"}}]}<\/script>\n<!-- \/ Yoast SEO plugin. -->","yoast_head_json":{"title":"Sobre n\u00f3s - Diversoclassificados","robots":{"index":"index","follow":"follow","max-snippet":"max-snippet:-1","max-image-preview":"max-image-preview:large","max-video-preview":"max-video-preview:-1"},"canonical":"https:\/\/diversoclassificados.com\/?page_id=23","og_locale":"pt_BR","og_type":"article","og_title":"Sobre n\u00f3s - Diversoclassificados","og_description":"Ol\u00e1! Sejam bem-vindos ao Diverso Classificados. Pensando nas dificuldades que as pessoas sofrem ao tentar disseminar informa\u00e7\u00f5es, vender produtos, divulgar um evento e etc, decidimos montar uma plataforma que democratiza o acesso e a divulga\u00e7\u00e3o de informa\u00e7\u00f5es variadas em forma de classificados. Atualmente, somos uma equipe que conta com poucos colaboradores, mas que possui muita [&hellip;]","og_url":"https:\/\/diversoclassificados.com\/?page_id=23","og_site_name":"Diversoclassificados","article_modified_time":"2026-01-10T14:30:26+00:00","og_image":[{"width":1920,"height":1011,"url":"http:\/\/diversoclassificados.com\/wp-content\/uploads\/2024\/01\/abstrack_backhround_blue__generated.jpg","type":"image\/jpeg"}],"twitter_card":"summary_large_image","twitter_misc":{"Est. tempo de leitura":"2 minutos"},"schema":{"@context":"https:\/\/schema.org","@graph":[{"@type":"WebPage","@id":"https:\/\/diversoclassificados.com\/?page_id=23","url":"https:\/\/diversoclassificados.com\/?page_id=23","name":"Sobre n\u00f3s - Diversoclassificados","isPartOf":{"@id":"https:\/\/diversoclassificados.com\/#website"},"primaryImageOfPage":{"@id":"https:\/\/diversoclassificados.com\/?page_id=23#primaryimage"},"image":{"@id":"https:\/\/diversoclassificados.com\/?page_id=23#primaryimage"},"thumbnailUrl":"https:\/\/diversoclassificados.com\/wp-content\/uploads\/2024\/01\/abstrack_backhround_blue__generated.jpg","datePublished":"2023-12-12T23:29:04+00:00","dateModified":"2026-01-10T14:30:26+00:00","breadcrumb":{"@id":"https:\/\/diversoclassificados.com\/?page_id=23#breadcrumb"},"inLanguage":"pt-BR","potentialAction":[{"@type":"ReadAction","target":["https:\/\/diversoclassificados.com\/?page_id=23"]}]},{"@type":"ImageObject","inLanguage":"pt-BR","@id":"https:\/\/diversoclassificados.com\/?page_id=23#primaryimage","url":"https:\/\/diversoclassificados.com\/wp-content\/uploads\/2024\/01\/abstrack_backhround_blue__generated.jpg","contentUrl":"https:\/\/diversoclassificados.com\/wp-content\/uploads\/2024\/01\/abstrack_backhround_blue__generated.jpg","width":1920,"height":1011},{"@type":"BreadcrumbList","@id":"https:\/\/diversoclassificados.com\/?page_id=23#breadcrumb","itemListElement":[{"@type":"ListItem","position":1,"name":"In\u00edcio","item":"https:\/\/diversoclassificados.com\/"},{"@type":"ListItem","position":2,"name":"Sobre n\u00f3s"}]},{"@type":"WebSite","@id":"https:\/\/diversoclassificados.com\/#website","url":"https:\/\/diversoclassificados.com\/","name":"Diversoclassificados","description":"","publisher":{"@id":"https:\/\/diversoclassificados.com\/#organization"},"potentialAction":[{"@type":"SearchAction","target":{"@type":"EntryPoint","urlTemplate":"https:\/\/diversoclassificados.com\/?s={search_term_string}"},"query-input":{"@type":"PropertyValueSpecification","valueRequired":true,"valueName":"search_term_string"}}],"inLanguage":"pt-BR"},{"@type":"Organization","@id":"https:\/\/diversoclassificados.com\/#organization","name":"Diversoclassificados","url":"https:\/\/diversoclassificados.com\/","logo":{"@type":"ImageObject","inLanguage":"pt-BR","@id":"https:\/\/diversoclassificados.com\/#\/schema\/logo\/image\/","url":"https:\/\/diversoclassificados.com\/wp-content\/uploads\/2024\/07\/cropped-3-1.png","contentUrl":"https:\/\/diversoclassificados.com\/wp-content\/uploads\/2024\/07\/cropped-3-1.png","width":234,"height":100,"caption":"Diversoclassificados"},"image":{"@id":"https:\/\/diversoclassificados.com\/#\/schema\/logo\/image\/"}}]}},"_links":{"self":[{"href":"https:\/\/diversoclassificados.com\/index.php?rest_route=\/wp\/v2\/pages\/23","targetHints":{"allow":["GET"]}}],"collection":[{"href":"https:\/\/diversoclassificados.com\/index.php?rest_route=\/wp\/v2\/pages"}],"about":[{"href":"https:\/\/diversoclassificados.com\/index.php?rest_route=\/wp\/v2\/types\/page"}],"author":[{"embeddable":true,"href":"https:\/\/diversoclassificados.com\/index.php?rest_route=\/wp\/v2\/users\/1"}],"replies":[{"embeddable":true,"href":"https:\/\/diversoclassificados.com\/index.php?rest_route=%2Fwp%2Fv2%2Fcomments&post=23"}],"version-history":[{"count":22,"href":"https:\/\/diversoclassificados.com\/index.php?rest_route=\/wp\/v2\/pages\/23\/revisions"}],"predecessor-version":[{"id":1593,"href":"https:\/\/diversoclassificados.com\/index.php?rest_route=\/wp\/v2\/pages\/23\/revisions\/1593"}],"wp:featuredmedia":[{"embeddable":true,"href":"https:\/\/diversoclassificados.com\/index.php?rest_route=\/wp\/v2\/media\/144"}],"wp:attachment":[{"href":"https:\/\/diversoclassificados.com\/index.php?rest_route=%2Fwp%2Fv2%2Fmedia&parent=23"}],"curies":[{"name":"wp","href":"https:\/\/api.w.org\/{rel}","templated":true}]}}