{"id":112,"date":"2024-01-19T19:57:11","date_gmt":"2024-01-19T22:57:11","guid":{"rendered":"http:\/\/diversoclassificados.com\/?page_id=112"},"modified":"2024-07-08T12:07:05","modified_gmt":"2024-07-08T15:07:05","slug":"categorias-oficial","status":"publish","type":"page","link":"https:\/\/diversoclassificados.com\/?page_id=112","title":{"rendered":"Categorias"},"content":{"rendered":"\t\t<div data-elementor-type=\"wp-page\" data-elementor-id=\"112\" class=\"elementor elementor-112\">\n\t\t\t\t<div class=\"elementor-element elementor-element-4345813 e-flex e-con-boxed e-con e-parent\" data-id=\"4345813\" data-element_type=\"container\" data-e-type=\"container\">\n\t\t\t\t\t<div class=\"e-con-inner\">\n\t\t\t\t<div class=\"elementor-element elementor-element-0e4355d elementor-widget elementor-widget-hivepress-listing-search-form\" data-id=\"0e4355d\" data-element_type=\"widget\" data-e-type=\"widget\" data-widget_type=\"hivepress-listing-search-form.default\">\n\t\t\t\t<div class=\"elementor-widget-container\">\n\t\t\t\t\t<form class=\"hp-form--wide hp-form--primary hp-block hp-form hp-form--listing-search\" action=\"https:\/\/diversoclassificados.com\" method=\"GET\" data-component=\"form\"><div class=\"hp-form__messages\" data-component=\"messages\"><\/div><div class=\"hp-form__fields\"><input type=\"hidden\" name=\"post_type\" value=\"hp_listing\" class=\"hp-field hp-field--hidden\"><select name=\"_category\" class=\"hp-field hp-field--hidden\"><option value=\"\">Todas as categorias<\/option><option value=\"18\">Ado\u00e7\u00e3o de Animais<\/option><option value=\"19\">Aluguel de Produtos<\/option><option value=\"17\">Autom\u00f3veis e Ve\u00edculos<\/option><option value=\"21\">Concursos<\/option><option value=\"23\">Cursos<\/option><option value=\"24\">Empresas e Neg\u00f3cios<\/option><option value=\"25\">Eventos<\/option><option value=\"26\">Freelancers<\/option><option value=\"27\">Im\u00f3veis<\/option><option value=\"28\">Rifas<\/option><option value=\"29\">Vagas<\/option><option value=\"30\">Venda de Produtos<\/option><\/select><div class=\"hp-form__field hp-form__field--search\"><input type=\"search\" name=\"s\" value=\"\" placeholder=\"Palavras-chave\" maxlength=\"256\" class=\"hp-field hp-field--search\"><\/div><\/div><div class=\"hp-form__footer\"><button type=\"submit\" class=\"hp-form__button button-primary alt button hp-field hp-field--submit\"><span>Pesquisar<\/span><\/button><\/div><\/form>\t\t\t\t<\/div>\n\t\t\t\t<\/div>\n\t\t\t\t\t<\/div>\n\t\t\t\t<\/div>\n\t\t<div class=\"elementor-element elementor-element-ce19445 e-flex e-con-boxed e-con e-parent\" data-id=\"ce19445\" data-element_type=\"container\" data-e-type=\"container\">\n\t\t\t\t\t<div class=\"e-con-inner\">\n\t\t\t\t<div class=\"elementor-element elementor-element-97e9718 elementor-widget elementor-widget-hivepress-listing-categories\" data-id=\"97e9718\" data-element_type=\"widget\" data-e-type=\"widget\" data-widget_type=\"hivepress-listing-categories.default\">\n\t\t\t\t<div class=\"elementor-widget-container\">\n\t\t\t\t\t<div class=\"hp-listing-categories hp-grid hp-block\"><div class=\"hp-row\"><div class=\"hp-grid__item hp-col-sm-3 hp-col-xs-12\"><article class=\"hp-listing-category hp-listing-category--view-block\"><header class=\"hp-listing-category__header\"><div class=\"hp-listing-category__image\">\n\t<a href=\"https:\/\/diversoclassificados.com\/?hp_listing_category=adocao-de-animais\">\n\t\t\t\t\t<img decoding=\"async\" src=\"https:\/\/diversoclassificados.com\/wp-content\/uploads\/2024\/01\/adocao-de-animais-400x533.jpg\" alt=\"Ado\u00e7\u00e3o de Animais\" loading=\"lazy\">\n\t\t\t<\/a>\n<\/div>\n<div class=\"hp-listing-category__item-count hp-listing-category__count\">3 An\u00fancios<\/div>\n<\/header><div class=\"hp-listing-category__content\"><h3 class=\"hp-listing-category__name\"><a href=\"https:\/\/diversoclassificados.com\/?hp_listing_category=adocao-de-animais\">Ado\u00e7\u00e3o de Animais<\/a>\n<\/h3><div class=\"hp-listing-category__details hp-listing-category__details--primary\"><\/div><\/div><\/article><\/div><div class=\"hp-grid__item hp-col-sm-3 hp-col-xs-12\"><article class=\"hp-listing-category hp-listing-category--view-block\"><header class=\"hp-listing-category__header\"><div class=\"hp-listing-category__image\">\n\t<a href=\"https:\/\/diversoclassificados.com\/?hp_listing_category=aluguel-de-produtos\">\n\t\t\t\t\t<img decoding=\"async\" src=\"https:\/\/diversoclassificados.com\/wp-content\/uploads\/2024\/01\/aluguel-de-produtos-banner-400x533.jpg\" alt=\"Aluguel de Produtos\" loading=\"lazy\">\n\t\t\t<\/a>\n<\/div>\n<div class=\"hp-listing-category__item-count hp-listing-category__count\">An\u00fancio de 1<\/div>\n<\/header><div class=\"hp-listing-category__content\"><h3 class=\"hp-listing-category__name\"><a href=\"https:\/\/diversoclassificados.com\/?hp_listing_category=aluguel-de-produtos\">Aluguel de Produtos<\/a>\n<\/h3><div class=\"hp-listing-category__details hp-listing-category__details--primary\"><\/div><\/div><\/article><\/div><div class=\"hp-grid__item hp-col-sm-3 hp-col-xs-12\"><article class=\"hp-listing-category hp-listing-category--view-block\"><header class=\"hp-listing-category__header\"><div class=\"hp-listing-category__image\">\n\t<a href=\"https:\/\/diversoclassificados.com\/?hp_listing_category=automoveis-e-veiculos-aluguel-compra-e-venda\">\n\t\t\t\t\t<img decoding=\"async\" src=\"https:\/\/diversoclassificados.com\/wp-content\/uploads\/2024\/01\/automoveis-e-veiculos-400x533.jpg\" alt=\"Autom\u00f3veis e Ve\u00edculos\" loading=\"lazy\">\n\t\t\t<\/a>\n<\/div>\n<div class=\"hp-listing-category__item-count hp-listing-category__count\">An\u00fancio de 1<\/div>\n<\/header><div class=\"hp-listing-category__content\"><h3 class=\"hp-listing-category__name\"><a href=\"https:\/\/diversoclassificados.com\/?hp_listing_category=automoveis-e-veiculos-aluguel-compra-e-venda\">Autom\u00f3veis e Ve\u00edculos<\/a>\n<\/h3><div class=\"hp-listing-category__details hp-listing-category__details--primary\"><\/div><\/div><\/article><\/div><div class=\"hp-grid__item hp-col-sm-3 hp-col-xs-12\"><article class=\"hp-listing-category hp-listing-category--view-block\"><header class=\"hp-listing-category__header\"><div class=\"hp-listing-category__image\">\n\t<a href=\"https:\/\/diversoclassificados.com\/?hp_listing_category=concursos\">\n\t\t\t\t\t<img decoding=\"async\" src=\"https:\/\/diversoclassificados.com\/wp-content\/uploads\/2024\/01\/concursos-400x533.jpg\" alt=\"Concursos\" loading=\"lazy\">\n\t\t\t<\/a>\n<\/div>\n<div class=\"hp-listing-category__item-count hp-listing-category__count\">3 An\u00fancios<\/div>\n<\/header><div class=\"hp-listing-category__content\"><h3 class=\"hp-listing-category__name\"><a href=\"https:\/\/diversoclassificados.com\/?hp_listing_category=concursos\">Concursos<\/a>\n<\/h3><div class=\"hp-listing-category__details hp-listing-category__details--primary\"><\/div><\/div><\/article><\/div><div class=\"hp-grid__item hp-col-sm-3 hp-col-xs-12\"><article class=\"hp-listing-category hp-listing-category--view-block\"><header class=\"hp-listing-category__header\"><div class=\"hp-listing-category__image\">\n\t<a href=\"https:\/\/diversoclassificados.com\/?hp_listing_category=cursos\">\n\t\t\t\t\t<img decoding=\"async\" src=\"https:\/\/diversoclassificados.com\/wp-content\/uploads\/2024\/01\/cursos-banner-400x533.jpg\" alt=\"Cursos\" loading=\"lazy\">\n\t\t\t<\/a>\n<\/div>\n<div class=\"hp-listing-category__item-count hp-listing-category__count\">2 An\u00fancios<\/div>\n<\/header><div class=\"hp-listing-category__content\"><h3 class=\"hp-listing-category__name\"><a href=\"https:\/\/diversoclassificados.com\/?hp_listing_category=cursos\">Cursos<\/a>\n<\/h3><div class=\"hp-listing-category__details hp-listing-category__details--primary\"><\/div><\/div><\/article><\/div><div class=\"hp-grid__item hp-col-sm-3 hp-col-xs-12\"><article class=\"hp-listing-category hp-listing-category--view-block\"><header class=\"hp-listing-category__header\"><div class=\"hp-listing-category__image\">\n\t<a href=\"https:\/\/diversoclassificados.com\/?hp_listing_category=empresas-e-negocios\">\n\t\t\t\t\t<img decoding=\"async\" src=\"https:\/\/diversoclassificados.com\/wp-content\/uploads\/2024\/01\/empresas-e-negocios-banner-400x533.jpg\" alt=\"Empresas e Neg\u00f3cios\" loading=\"lazy\">\n\t\t\t<\/a>\n<\/div>\n<div class=\"hp-listing-category__item-count hp-listing-category__count\">3 An\u00fancios<\/div>\n<\/header><div class=\"hp-listing-category__content\"><h3 class=\"hp-listing-category__name\"><a href=\"https:\/\/diversoclassificados.com\/?hp_listing_category=empresas-e-negocios\">Empresas e Neg\u00f3cios<\/a>\n<\/h3><div class=\"hp-listing-category__details hp-listing-category__details--primary\"><\/div><\/div><\/article><\/div><div class=\"hp-grid__item hp-col-sm-3 hp-col-xs-12\"><article class=\"hp-listing-category hp-listing-category--view-block\"><header class=\"hp-listing-category__header\"><div class=\"hp-listing-category__image\">\n\t<a href=\"https:\/\/diversoclassificados.com\/?hp_listing_category=eventos\">\n\t\t\t\t\t<img decoding=\"async\" src=\"https:\/\/diversoclassificados.com\/wp-content\/uploads\/2024\/01\/eventos-banner-400x533.jpg\" alt=\"Eventos\" loading=\"lazy\">\n\t\t\t<\/a>\n<\/div>\n<div class=\"hp-listing-category__item-count hp-listing-category__count\">2 An\u00fancios<\/div>\n<\/header><div class=\"hp-listing-category__content\"><h3 class=\"hp-listing-category__name\"><a href=\"https:\/\/diversoclassificados.com\/?hp_listing_category=eventos\">Eventos<\/a>\n<\/h3><div class=\"hp-listing-category__details hp-listing-category__details--primary\"><\/div><\/div><\/article><\/div><div class=\"hp-grid__item hp-col-sm-3 hp-col-xs-12\"><article class=\"hp-listing-category hp-listing-category--view-block\"><header class=\"hp-listing-category__header\"><div class=\"hp-listing-category__image\">\n\t<a href=\"https:\/\/diversoclassificados.com\/?hp_listing_category=freelancers\">\n\t\t\t\t\t<img decoding=\"async\" src=\"https:\/\/diversoclassificados.com\/wp-content\/uploads\/2024\/01\/freelancer-banner-400x533.jpg\" alt=\"Freelancers\" loading=\"lazy\">\n\t\t\t<\/a>\n<\/div>\n<div class=\"hp-listing-category__item-count hp-listing-category__count\">An\u00fancio de 0<\/div>\n<\/header><div class=\"hp-listing-category__content\"><h3 class=\"hp-listing-category__name\"><a href=\"https:\/\/diversoclassificados.com\/?hp_listing_category=freelancers\">Freelancers<\/a>\n<\/h3><div class=\"hp-listing-category__details hp-listing-category__details--primary\"><\/div><\/div><\/article><\/div><div class=\"hp-grid__item hp-col-sm-3 hp-col-xs-12\"><article class=\"hp-listing-category hp-listing-category--view-block\"><header class=\"hp-listing-category__header\"><div class=\"hp-listing-category__image\">\n\t<a href=\"https:\/\/diversoclassificados.com\/?hp_listing_category=imoveis\">\n\t\t\t\t\t<img decoding=\"async\" src=\"https:\/\/diversoclassificados.com\/wp-content\/uploads\/2024\/01\/imoveis-banner-400x533.jpg\" alt=\"Im\u00f3veis\" loading=\"lazy\">\n\t\t\t<\/a>\n<\/div>\n<div class=\"hp-listing-category__item-count hp-listing-category__count\">An\u00fancio de 1<\/div>\n<\/header><div class=\"hp-listing-category__content\"><h3 class=\"hp-listing-category__name\"><a href=\"https:\/\/diversoclassificados.com\/?hp_listing_category=imoveis\">Im\u00f3veis<\/a>\n<\/h3><div class=\"hp-listing-category__details hp-listing-category__details--primary\"><\/div><\/div><\/article><\/div><div class=\"hp-grid__item hp-col-sm-3 hp-col-xs-12\"><article class=\"hp-listing-category hp-listing-category--view-block\"><header class=\"hp-listing-category__header\"><div class=\"hp-listing-category__image\">\n\t<a href=\"https:\/\/diversoclassificados.com\/?hp_listing_category=rifas\">\n\t\t\t\t\t<img decoding=\"async\" src=\"https:\/\/diversoclassificados.com\/wp-content\/uploads\/2024\/01\/rifas-banner-400x533.jpg\" alt=\"Rifas\" loading=\"lazy\">\n\t\t\t<\/a>\n<\/div>\n<div class=\"hp-listing-category__item-count hp-listing-category__count\">An\u00fancio de 1<\/div>\n<\/header><div class=\"hp-listing-category__content\"><h3 class=\"hp-listing-category__name\"><a href=\"https:\/\/diversoclassificados.com\/?hp_listing_category=rifas\">Rifas<\/a>\n<\/h3><div class=\"hp-listing-category__details hp-listing-category__details--primary\"><\/div><\/div><\/article><\/div><div class=\"hp-grid__item hp-col-sm-3 hp-col-xs-12\"><article class=\"hp-listing-category hp-listing-category--view-block\"><header class=\"hp-listing-category__header\"><div class=\"hp-listing-category__image\">\n\t<a href=\"https:\/\/diversoclassificados.com\/?hp_listing_category=vagas-trabalho\">\n\t\t\t\t\t<img decoding=\"async\" src=\"https:\/\/diversoclassificados.com\/wp-content\/uploads\/2025\/01\/IMAGEMS-CATEGORIAS-400x533.png\" alt=\"Vagas\" loading=\"lazy\">\n\t\t\t<\/a>\n<\/div>\n<div class=\"hp-listing-category__item-count hp-listing-category__count\">2 An\u00fancios<\/div>\n<\/header><div class=\"hp-listing-category__content\"><h3 class=\"hp-listing-category__name\"><a href=\"https:\/\/diversoclassificados.com\/?hp_listing_category=vagas-trabalho\">Vagas<\/a>\n<\/h3><div class=\"hp-listing-category__details hp-listing-category__details--primary\"><\/div><\/div><\/article><\/div><div class=\"hp-grid__item hp-col-sm-3 hp-col-xs-12\"><article class=\"hp-listing-category hp-listing-category--view-block\"><header class=\"hp-listing-category__header\"><div class=\"hp-listing-category__image\">\n\t<a href=\"https:\/\/diversoclassificados.com\/?hp_listing_category=venda-de-produtos\">\n\t\t\t\t\t<img decoding=\"async\" src=\"https:\/\/diversoclassificados.com\/wp-content\/uploads\/2024\/01\/vendas-banner-400x533.jpg\" alt=\"Venda de Produtos\" loading=\"lazy\">\n\t\t\t<\/a>\n<\/div>\n<div class=\"hp-listing-category__item-count hp-listing-category__count\">An\u00fancio de 1<\/div>\n<\/header><div class=\"hp-listing-category__content\"><h3 class=\"hp-listing-category__name\"><a href=\"https:\/\/diversoclassificados.com\/?hp_listing_category=venda-de-produtos\">Venda de Produtos<\/a>\n<\/h3><div class=\"hp-listing-category__details hp-listing-category__details--primary\"><\/div><\/div><\/article><\/div><\/div><\/div>\t\t\t\t<\/div>\n\t\t\t\t<\/div>\n\t\t\t\t\t<\/div>\n\t\t\t\t<\/div>\n\t\t\t\t<\/div>\n\t\t","protected":false},"excerpt":{"rendered":"<p>Todas as categoriasAdo\u00e7\u00e3o de AnimaisAluguel de ProdutosArtigos e Not\u00edciasAutom\u00f3veis e Ve\u00edculosConcursosCriadores de Conte\u00fadoCursosEmpresas e Neg\u00f3ciosEventosFreelancersIm\u00f3veisRifasVagas &#8211; trabalhoVenda de ProdutosPesquisar Ado\u00e7\u00e3o de Animais An\u00fancio de 0 Aluguel de Produtos An\u00fancio de 0 Artigos e Not\u00edcias 2 An\u00fancios Autom\u00f3veis e Ve\u00edculos An\u00fancio de 0 Concursos An\u00fancio de 1 Criadores de Conte\u00fado An\u00fancio de 0 Cursos An\u00fancio de [&hellip;]<\/p>\n","protected":false},"author":1,"featured_media":144,"parent":0,"menu_order":0,"comment_status":"closed","ping_status":"closed","template":"","meta":{"footnotes":""},"class_list":["post-112","page","type-page","status-publish","has-post-thumbnail","hentry"],"yoast_head":"<!-- This site is optimized with the Yoast SEO plugin v27.5 - https:\/\/yoast.com\/product\/yoast-seo-wordpress\/ -->\n<title>Categorias - Diversoclassificados<\/title>\n<meta name=\"robots\" content=\"index, follow, max-snippet:-1, max-image-preview:large, max-video-preview:-1\" \/>\n<link rel=\"canonical\" href=\"https:\/\/diversoclassificados.com\/?page_id=112\" \/>\n<meta property=\"og:locale\" content=\"pt_BR\" \/>\n<meta property=\"og:type\" content=\"article\" \/>\n<meta property=\"og:title\" content=\"Categorias - Diversoclassificados\" \/>\n<meta property=\"og:description\" content=\"Todas as categoriasAdo\u00e7\u00e3o de AnimaisAluguel de ProdutosArtigos e Not\u00edciasAutom\u00f3veis e Ve\u00edculosConcursosCriadores de Conte\u00fadoCursosEmpresas e Neg\u00f3ciosEventosFreelancersIm\u00f3veisRifasVagas &#8211; trabalhoVenda de ProdutosPesquisar Ado\u00e7\u00e3o de Animais An\u00fancio de 0 Aluguel de Produtos An\u00fancio de 0 Artigos e Not\u00edcias 2 An\u00fancios Autom\u00f3veis e Ve\u00edculos An\u00fancio de 0 Concursos An\u00fancio de 1 Criadores de Conte\u00fado An\u00fancio de 0 Cursos An\u00fancio de [&hellip;]\" \/>\n<meta property=\"og:url\" content=\"https:\/\/diversoclassificados.com\/?page_id=112\" \/>\n<meta property=\"og:site_name\" content=\"Diversoclassificados\" \/>\n<meta property=\"article:modified_time\" content=\"2024-07-08T15:07:05+00:00\" \/>\n<meta property=\"og:image\" content=\"https:\/\/diversoclassificados.com\/wp-content\/uploads\/2024\/01\/abstrack_backhround_blue__generated.jpg\" \/>\n\t<meta property=\"og:image:width\" content=\"1920\" \/>\n\t<meta property=\"og:image:height\" content=\"1011\" \/>\n\t<meta property=\"og:image:type\" content=\"image\/jpeg\" \/>\n<meta name=\"twitter:card\" content=\"summary_large_image\" \/>\n<meta name=\"twitter:label1\" content=\"Est. tempo de leitura\" \/>\n\t<meta name=\"twitter:data1\" content=\"4 minutos\" \/>\n<script type=\"application\/ld+json\" class=\"yoast-schema-graph\">{\"@context\":\"https:\\\/\\\/schema.org\",\"@graph\":[{\"@type\":\"WebPage\",\"@id\":\"https:\\\/\\\/diversoclassificados.com\\\/?page_id=112\",\"url\":\"https:\\\/\\\/diversoclassificados.com\\\/?page_id=112\",\"name\":\"Categorias - Diversoclassificados\",\"isPartOf\":{\"@id\":\"https:\\\/\\\/diversoclassificados.com\\\/#website\"},\"primaryImageOfPage\":{\"@id\":\"https:\\\/\\\/diversoclassificados.com\\\/?page_id=112#primaryimage\"},\"image\":{\"@id\":\"https:\\\/\\\/diversoclassificados.com\\\/?page_id=112#primaryimage\"},\"thumbnailUrl\":\"https:\\\/\\\/diversoclassificados.com\\\/wp-content\\\/uploads\\\/2024\\\/01\\\/abstrack_backhround_blue__generated.jpg\",\"datePublished\":\"2024-01-19T22:57:11+00:00\",\"dateModified\":\"2024-07-08T15:07:05+00:00\",\"breadcrumb\":{\"@id\":\"https:\\\/\\\/diversoclassificados.com\\\/?page_id=112#breadcrumb\"},\"inLanguage\":\"pt-BR\",\"potentialAction\":[{\"@type\":\"ReadAction\",\"target\":[\"https:\\\/\\\/diversoclassificados.com\\\/?page_id=112\"]}]},{\"@type\":\"ImageObject\",\"inLanguage\":\"pt-BR\",\"@id\":\"https:\\\/\\\/diversoclassificados.com\\\/?page_id=112#primaryimage\",\"url\":\"https:\\\/\\\/diversoclassificados.com\\\/wp-content\\\/uploads\\\/2024\\\/01\\\/abstrack_backhround_blue__generated.jpg\",\"contentUrl\":\"https:\\\/\\\/diversoclassificados.com\\\/wp-content\\\/uploads\\\/2024\\\/01\\\/abstrack_backhround_blue__generated.jpg\",\"width\":1920,\"height\":1011},{\"@type\":\"BreadcrumbList\",\"@id\":\"https:\\\/\\\/diversoclassificados.com\\\/?page_id=112#breadcrumb\",\"itemListElement\":[{\"@type\":\"ListItem\",\"position\":1,\"name\":\"In\u00edcio\",\"item\":\"https:\\\/\\\/diversoclassificados.com\\\/\"},{\"@type\":\"ListItem\",\"position\":2,\"name\":\"Categorias\"}]},{\"@type\":\"WebSite\",\"@id\":\"https:\\\/\\\/diversoclassificados.com\\\/#website\",\"url\":\"https:\\\/\\\/diversoclassificados.com\\\/\",\"name\":\"Diversoclassificados\",\"description\":\"\",\"publisher\":{\"@id\":\"https:\\\/\\\/diversoclassificados.com\\\/#organization\"},\"potentialAction\":[{\"@type\":\"SearchAction\",\"target\":{\"@type\":\"EntryPoint\",\"urlTemplate\":\"https:\\\/\\\/diversoclassificados.com\\\/?s={search_term_string}\"},\"query-input\":{\"@type\":\"PropertyValueSpecification\",\"valueRequired\":true,\"valueName\":\"search_term_string\"}}],\"inLanguage\":\"pt-BR\"},{\"@type\":\"Organization\",\"@id\":\"https:\\\/\\\/diversoclassificados.com\\\/#organization\",\"name\":\"Diversoclassificados\",\"url\":\"https:\\\/\\\/diversoclassificados.com\\\/\",\"logo\":{\"@type\":\"ImageObject\",\"inLanguage\":\"pt-BR\",\"@id\":\"https:\\\/\\\/diversoclassificados.com\\\/#\\\/schema\\\/logo\\\/image\\\/\",\"url\":\"https:\\\/\\\/diversoclassificados.com\\\/wp-content\\\/uploads\\\/2024\\\/07\\\/cropped-3-1.png\",\"contentUrl\":\"https:\\\/\\\/diversoclassificados.com\\\/wp-content\\\/uploads\\\/2024\\\/07\\\/cropped-3-1.png\",\"width\":234,\"height\":100,\"caption\":\"Diversoclassificados\"},\"image\":{\"@id\":\"https:\\\/\\\/diversoclassificados.com\\\/#\\\/schema\\\/logo\\\/image\\\/\"}}]}<\/script>\n<!-- \/ Yoast SEO plugin. -->","yoast_head_json":{"title":"Categorias - Diversoclassificados","robots":{"index":"index","follow":"follow","max-snippet":"max-snippet:-1","max-image-preview":"max-image-preview:large","max-video-preview":"max-video-preview:-1"},"canonical":"https:\/\/diversoclassificados.com\/?page_id=112","og_locale":"pt_BR","og_type":"article","og_title":"Categorias - Diversoclassificados","og_description":"Todas as categoriasAdo\u00e7\u00e3o de AnimaisAluguel de ProdutosArtigos e Not\u00edciasAutom\u00f3veis e Ve\u00edculosConcursosCriadores de Conte\u00fadoCursosEmpresas e Neg\u00f3ciosEventosFreelancersIm\u00f3veisRifasVagas &#8211; trabalhoVenda de ProdutosPesquisar Ado\u00e7\u00e3o de Animais An\u00fancio de 0 Aluguel de Produtos An\u00fancio de 0 Artigos e Not\u00edcias 2 An\u00fancios Autom\u00f3veis e Ve\u00edculos An\u00fancio de 0 Concursos An\u00fancio de 1 Criadores de Conte\u00fado An\u00fancio de 0 Cursos An\u00fancio de [&hellip;]","og_url":"https:\/\/diversoclassificados.com\/?page_id=112","og_site_name":"Diversoclassificados","article_modified_time":"2024-07-08T15:07:05+00:00","og_image":[{"width":1920,"height":1011,"url":"https:\/\/diversoclassificados.com\/wp-content\/uploads\/2024\/01\/abstrack_backhround_blue__generated.jpg","type":"image\/jpeg"}],"twitter_card":"summary_large_image","twitter_misc":{"Est. tempo de leitura":"4 minutos"},"schema":{"@context":"https:\/\/schema.org","@graph":[{"@type":"WebPage","@id":"https:\/\/diversoclassificados.com\/?page_id=112","url":"https:\/\/diversoclassificados.com\/?page_id=112","name":"Categorias - Diversoclassificados","isPartOf":{"@id":"https:\/\/diversoclassificados.com\/#website"},"primaryImageOfPage":{"@id":"https:\/\/diversoclassificados.com\/?page_id=112#primaryimage"},"image":{"@id":"https:\/\/diversoclassificados.com\/?page_id=112#primaryimage"},"thumbnailUrl":"https:\/\/diversoclassificados.com\/wp-content\/uploads\/2024\/01\/abstrack_backhround_blue__generated.jpg","datePublished":"2024-01-19T22:57:11+00:00","dateModified":"2024-07-08T15:07:05+00:00","breadcrumb":{"@id":"https:\/\/diversoclassificados.com\/?page_id=112#breadcrumb"},"inLanguage":"pt-BR","potentialAction":[{"@type":"ReadAction","target":["https:\/\/diversoclassificados.com\/?page_id=112"]}]},{"@type":"ImageObject","inLanguage":"pt-BR","@id":"https:\/\/diversoclassificados.com\/?page_id=112#primaryimage","url":"https:\/\/diversoclassificados.com\/wp-content\/uploads\/2024\/01\/abstrack_backhround_blue__generated.jpg","contentUrl":"https:\/\/diversoclassificados.com\/wp-content\/uploads\/2024\/01\/abstrack_backhround_blue__generated.jpg","width":1920,"height":1011},{"@type":"BreadcrumbList","@id":"https:\/\/diversoclassificados.com\/?page_id=112#breadcrumb","itemListElement":[{"@type":"ListItem","position":1,"name":"In\u00edcio","item":"https:\/\/diversoclassificados.com\/"},{"@type":"ListItem","position":2,"name":"Categorias"}]},{"@type":"WebSite","@id":"https:\/\/diversoclassificados.com\/#website","url":"https:\/\/diversoclassificados.com\/","name":"Diversoclassificados","description":"","publisher":{"@id":"https:\/\/diversoclassificados.com\/#organization"},"potentialAction":[{"@type":"SearchAction","target":{"@type":"EntryPoint","urlTemplate":"https:\/\/diversoclassificados.com\/?s={search_term_string}"},"query-input":{"@type":"PropertyValueSpecification","valueRequired":true,"valueName":"search_term_string"}}],"inLanguage":"pt-BR"},{"@type":"Organization","@id":"https:\/\/diversoclassificados.com\/#organization","name":"Diversoclassificados","url":"https:\/\/diversoclassificados.com\/","logo":{"@type":"ImageObject","inLanguage":"pt-BR","@id":"https:\/\/diversoclassificados.com\/#\/schema\/logo\/image\/","url":"https:\/\/diversoclassificados.com\/wp-content\/uploads\/2024\/07\/cropped-3-1.png","contentUrl":"https:\/\/diversoclassificados.com\/wp-content\/uploads\/2024\/07\/cropped-3-1.png","width":234,"height":100,"caption":"Diversoclassificados"},"image":{"@id":"https:\/\/diversoclassificados.com\/#\/schema\/logo\/image\/"}}]}},"_links":{"self":[{"href":"https:\/\/diversoclassificados.com\/index.php?rest_route=\/wp\/v2\/pages\/112","targetHints":{"allow":["GET"]}}],"collection":[{"href":"https:\/\/diversoclassificados.com\/index.php?rest_route=\/wp\/v2\/pages"}],"about":[{"href":"https:\/\/diversoclassificados.com\/index.php?rest_route=\/wp\/v2\/types\/page"}],"author":[{"embeddable":true,"href":"https:\/\/diversoclassificados.com\/index.php?rest_route=\/wp\/v2\/users\/1"}],"replies":[{"embeddable":true,"href":"https:\/\/diversoclassificados.com\/index.php?rest_route=%2Fwp%2Fv2%2Fcomments&post=112"}],"version-history":[{"count":51,"href":"https:\/\/diversoclassificados.com\/index.php?rest_route=\/wp\/v2\/pages\/112\/revisions"}],"predecessor-version":[{"id":1583,"href":"https:\/\/diversoclassificados.com\/index.php?rest_route=\/wp\/v2\/pages\/112\/revisions\/1583"}],"wp:featuredmedia":[{"embeddable":true,"href":"https:\/\/diversoclassificados.com\/index.php?rest_route=\/wp\/v2\/media\/144"}],"wp:attachment":[{"href":"https:\/\/diversoclassificados.com\/index.php?rest_route=%2Fwp%2Fv2%2Fmedia&parent=112"}],"curies":[{"name":"wp","href":"https:\/\/api.w.org\/{rel}","templated":true}]}}