{"id":106,"date":"2024-01-19T19:47:41","date_gmt":"2024-01-19T22:47:41","guid":{"rendered":"http:\/\/diversoclassificados.com\/?page_id=106"},"modified":"2025-11-02T08:19:52","modified_gmt":"2025-11-02T11:19:52","slug":"contato-oficial","status":"publish","type":"page","link":"https:\/\/diversoclassificados.com\/?page_id=106","title":{"rendered":"Contato"},"content":{"rendered":"\t\t<div data-elementor-type=\"wp-page\" data-elementor-id=\"106\" class=\"elementor elementor-106\">\n\t\t\t\t<div class=\"elementor-element elementor-element-d83b744 e-flex e-con-boxed e-con e-parent\" data-id=\"d83b744\" data-element_type=\"container\" data-e-type=\"container\">\n\t\t\t\t\t<div class=\"e-con-inner\">\n\t\t\t\t<div class=\"elementor-element elementor-element-28d4662 elementor-widget elementor-widget-text-editor\" data-id=\"28d4662\" data-element_type=\"widget\" data-e-type=\"widget\" data-widget_type=\"text-editor.default\">\n\t\t\t\t<div class=\"elementor-widget-container\">\n\t\t\t\t\t\t\t\t\t<h3>Em caso de <strong>d\u00favidas<\/strong>, <strong>ajuda<\/strong>, <strong>suporte e sugest\u00f5es<\/strong>, nos envie uma mensagem e ficaremos felizes em atend\u00ea-los.<\/h3>\t\t\t\t\t\t\t\t<\/div>\n\t\t\t\t<\/div>\n\t\t\t\t\t<\/div>\n\t\t\t\t<\/div>\n\t\t<div class=\"elementor-element elementor-element-39f4ef1 e-flex e-con-boxed e-con e-parent\" data-id=\"39f4ef1\" data-element_type=\"container\" data-e-type=\"container\">\n\t\t\t\t\t<div class=\"e-con-inner\">\n\t\t\t\t<div class=\"elementor-element elementor-element-c1c01b0 elementor-widget elementor-widget-heading\" data-id=\"c1c01b0\" data-element_type=\"widget\" data-e-type=\"widget\" data-widget_type=\"heading.default\">\n\t\t\t\t<div class=\"elementor-widget-container\">\n\t\t\t\t\t<h2 class=\"elementor-heading-title elementor-size-xl\">DIVERSOCLASSIFICADOS@HOTMAIL.COM<\/h2>\t\t\t\t<\/div>\n\t\t\t\t<\/div>\n\t\t\t\t\t<\/div>\n\t\t\t\t<\/div>\n\t\t\t\t<\/div>\n\t\t","protected":false},"excerpt":{"rendered":"<p>Em caso de d\u00favidas, ajuda, suporte e sugest\u00f5es, nos envie uma mensagem e ficaremos felizes em atend\u00ea-los. DIVERSOCLASSIFICADOS@HOTMAIL.COM<\/p>\n","protected":false},"author":1,"featured_media":144,"parent":0,"menu_order":0,"comment_status":"closed","ping_status":"closed","template":"","meta":{"footnotes":""},"class_list":["post-106","page","type-page","status-publish","has-post-thumbnail","hentry"],"yoast_head":"<!-- This site is optimized with the Yoast SEO plugin v27.5 - https:\/\/yoast.com\/product\/yoast-seo-wordpress\/ -->\n<title>Contato - Diversoclassificados<\/title>\n<meta name=\"robots\" content=\"index, follow, max-snippet:-1, max-image-preview:large, max-video-preview:-1\" \/>\n<link rel=\"canonical\" href=\"https:\/\/diversoclassificados.com\/?page_id=106\" \/>\n<meta property=\"og:locale\" content=\"pt_BR\" \/>\n<meta property=\"og:type\" content=\"article\" \/>\n<meta property=\"og:title\" content=\"Contato - Diversoclassificados\" \/>\n<meta property=\"og:description\" content=\"Em caso de d\u00favidas, ajuda, suporte e sugest\u00f5es, nos envie uma mensagem e ficaremos felizes em atend\u00ea-los. DIVERSOCLASSIFICADOS@HOTMAIL.COM\" \/>\n<meta property=\"og:url\" content=\"https:\/\/diversoclassificados.com\/?page_id=106\" \/>\n<meta property=\"og:site_name\" content=\"Diversoclassificados\" \/>\n<meta property=\"article:modified_time\" content=\"2025-11-02T11:19:52+00:00\" \/>\n<meta name=\"twitter:card\" content=\"summary_large_image\" \/>\n<meta name=\"twitter:image\" content=\"https:\/\/diversoclassificados.com\/wp-content\/uploads\/2024\/01\/abstrack_backhround_blue__generated.jpg\" \/>\n<meta name=\"twitter:label1\" content=\"Est. tempo de leitura\" \/>\n\t<meta name=\"twitter:data1\" content=\"1 minuto\" \/>\n<script type=\"application\/ld+json\" class=\"yoast-schema-graph\">{\"@context\":\"https:\\\/\\\/schema.org\",\"@graph\":[{\"@type\":\"WebPage\",\"@id\":\"https:\\\/\\\/diversoclassificados.com\\\/?page_id=106\",\"url\":\"https:\\\/\\\/diversoclassificados.com\\\/?page_id=106\",\"name\":\"Contato - Diversoclassificados\",\"isPartOf\":{\"@id\":\"https:\\\/\\\/diversoclassificados.com\\\/#website\"},\"primaryImageOfPage\":{\"@id\":\"https:\\\/\\\/diversoclassificados.com\\\/?page_id=106#primaryimage\"},\"image\":{\"@id\":\"https:\\\/\\\/diversoclassificados.com\\\/?page_id=106#primaryimage\"},\"thumbnailUrl\":\"https:\\\/\\\/diversoclassificados.com\\\/wp-content\\\/uploads\\\/2024\\\/01\\\/abstrack_backhround_blue__generated.jpg\",\"datePublished\":\"2024-01-19T22:47:41+00:00\",\"dateModified\":\"2025-11-02T11:19:52+00:00\",\"breadcrumb\":{\"@id\":\"https:\\\/\\\/diversoclassificados.com\\\/?page_id=106#breadcrumb\"},\"inLanguage\":\"pt-BR\",\"potentialAction\":[{\"@type\":\"ReadAction\",\"target\":[\"https:\\\/\\\/diversoclassificados.com\\\/?page_id=106\"]}]},{\"@type\":\"ImageObject\",\"inLanguage\":\"pt-BR\",\"@id\":\"https:\\\/\\\/diversoclassificados.com\\\/?page_id=106#primaryimage\",\"url\":\"https:\\\/\\\/diversoclassificados.com\\\/wp-content\\\/uploads\\\/2024\\\/01\\\/abstrack_backhround_blue__generated.jpg\",\"contentUrl\":\"https:\\\/\\\/diversoclassificados.com\\\/wp-content\\\/uploads\\\/2024\\\/01\\\/abstrack_backhround_blue__generated.jpg\",\"width\":1920,\"height\":1011},{\"@type\":\"BreadcrumbList\",\"@id\":\"https:\\\/\\\/diversoclassificados.com\\\/?page_id=106#breadcrumb\",\"itemListElement\":[{\"@type\":\"ListItem\",\"position\":1,\"name\":\"In\u00edcio\",\"item\":\"https:\\\/\\\/diversoclassificados.com\\\/\"},{\"@type\":\"ListItem\",\"position\":2,\"name\":\"Contato\"}]},{\"@type\":\"WebSite\",\"@id\":\"https:\\\/\\\/diversoclassificados.com\\\/#website\",\"url\":\"https:\\\/\\\/diversoclassificados.com\\\/\",\"name\":\"Diversoclassificados\",\"description\":\"\",\"publisher\":{\"@id\":\"https:\\\/\\\/diversoclassificados.com\\\/#organization\"},\"potentialAction\":[{\"@type\":\"SearchAction\",\"target\":{\"@type\":\"EntryPoint\",\"urlTemplate\":\"https:\\\/\\\/diversoclassificados.com\\\/?s={search_term_string}\"},\"query-input\":{\"@type\":\"PropertyValueSpecification\",\"valueRequired\":true,\"valueName\":\"search_term_string\"}}],\"inLanguage\":\"pt-BR\"},{\"@type\":\"Organization\",\"@id\":\"https:\\\/\\\/diversoclassificados.com\\\/#organization\",\"name\":\"Diversoclassificados\",\"url\":\"https:\\\/\\\/diversoclassificados.com\\\/\",\"logo\":{\"@type\":\"ImageObject\",\"inLanguage\":\"pt-BR\",\"@id\":\"https:\\\/\\\/diversoclassificados.com\\\/#\\\/schema\\\/logo\\\/image\\\/\",\"url\":\"https:\\\/\\\/diversoclassificados.com\\\/wp-content\\\/uploads\\\/2024\\\/07\\\/cropped-3-1.png\",\"contentUrl\":\"https:\\\/\\\/diversoclassificados.com\\\/wp-content\\\/uploads\\\/2024\\\/07\\\/cropped-3-1.png\",\"width\":234,\"height\":100,\"caption\":\"Diversoclassificados\"},\"image\":{\"@id\":\"https:\\\/\\\/diversoclassificados.com\\\/#\\\/schema\\\/logo\\\/image\\\/\"}}]}<\/script>\n<!-- \/ Yoast SEO plugin. -->","yoast_head_json":{"title":"Contato - Diversoclassificados","robots":{"index":"index","follow":"follow","max-snippet":"max-snippet:-1","max-image-preview":"max-image-preview:large","max-video-preview":"max-video-preview:-1"},"canonical":"https:\/\/diversoclassificados.com\/?page_id=106","og_locale":"pt_BR","og_type":"article","og_title":"Contato - Diversoclassificados","og_description":"Em caso de d\u00favidas, ajuda, suporte e sugest\u00f5es, nos envie uma mensagem e ficaremos felizes em atend\u00ea-los. DIVERSOCLASSIFICADOS@HOTMAIL.COM","og_url":"https:\/\/diversoclassificados.com\/?page_id=106","og_site_name":"Diversoclassificados","article_modified_time":"2025-11-02T11:19:52+00:00","twitter_card":"summary_large_image","twitter_image":"https:\/\/diversoclassificados.com\/wp-content\/uploads\/2024\/01\/abstrack_backhround_blue__generated.jpg","twitter_misc":{"Est. tempo de leitura":"1 minuto"},"schema":{"@context":"https:\/\/schema.org","@graph":[{"@type":"WebPage","@id":"https:\/\/diversoclassificados.com\/?page_id=106","url":"https:\/\/diversoclassificados.com\/?page_id=106","name":"Contato - Diversoclassificados","isPartOf":{"@id":"https:\/\/diversoclassificados.com\/#website"},"primaryImageOfPage":{"@id":"https:\/\/diversoclassificados.com\/?page_id=106#primaryimage"},"image":{"@id":"https:\/\/diversoclassificados.com\/?page_id=106#primaryimage"},"thumbnailUrl":"https:\/\/diversoclassificados.com\/wp-content\/uploads\/2024\/01\/abstrack_backhround_blue__generated.jpg","datePublished":"2024-01-19T22:47:41+00:00","dateModified":"2025-11-02T11:19:52+00:00","breadcrumb":{"@id":"https:\/\/diversoclassificados.com\/?page_id=106#breadcrumb"},"inLanguage":"pt-BR","potentialAction":[{"@type":"ReadAction","target":["https:\/\/diversoclassificados.com\/?page_id=106"]}]},{"@type":"ImageObject","inLanguage":"pt-BR","@id":"https:\/\/diversoclassificados.com\/?page_id=106#primaryimage","url":"https:\/\/diversoclassificados.com\/wp-content\/uploads\/2024\/01\/abstrack_backhround_blue__generated.jpg","contentUrl":"https:\/\/diversoclassificados.com\/wp-content\/uploads\/2024\/01\/abstrack_backhround_blue__generated.jpg","width":1920,"height":1011},{"@type":"BreadcrumbList","@id":"https:\/\/diversoclassificados.com\/?page_id=106#breadcrumb","itemListElement":[{"@type":"ListItem","position":1,"name":"In\u00edcio","item":"https:\/\/diversoclassificados.com\/"},{"@type":"ListItem","position":2,"name":"Contato"}]},{"@type":"WebSite","@id":"https:\/\/diversoclassificados.com\/#website","url":"https:\/\/diversoclassificados.com\/","name":"Diversoclassificados","description":"","publisher":{"@id":"https:\/\/diversoclassificados.com\/#organization"},"potentialAction":[{"@type":"SearchAction","target":{"@type":"EntryPoint","urlTemplate":"https:\/\/diversoclassificados.com\/?s={search_term_string}"},"query-input":{"@type":"PropertyValueSpecification","valueRequired":true,"valueName":"search_term_string"}}],"inLanguage":"pt-BR"},{"@type":"Organization","@id":"https:\/\/diversoclassificados.com\/#organization","name":"Diversoclassificados","url":"https:\/\/diversoclassificados.com\/","logo":{"@type":"ImageObject","inLanguage":"pt-BR","@id":"https:\/\/diversoclassificados.com\/#\/schema\/logo\/image\/","url":"https:\/\/diversoclassificados.com\/wp-content\/uploads\/2024\/07\/cropped-3-1.png","contentUrl":"https:\/\/diversoclassificados.com\/wp-content\/uploads\/2024\/07\/cropped-3-1.png","width":234,"height":100,"caption":"Diversoclassificados"},"image":{"@id":"https:\/\/diversoclassificados.com\/#\/schema\/logo\/image\/"}}]}},"_links":{"self":[{"href":"https:\/\/diversoclassificados.com\/index.php?rest_route=\/wp\/v2\/pages\/106","targetHints":{"allow":["GET"]}}],"collection":[{"href":"https:\/\/diversoclassificados.com\/index.php?rest_route=\/wp\/v2\/pages"}],"about":[{"href":"https:\/\/diversoclassificados.com\/index.php?rest_route=\/wp\/v2\/types\/page"}],"author":[{"embeddable":true,"href":"https:\/\/diversoclassificados.com\/index.php?rest_route=\/wp\/v2\/users\/1"}],"replies":[{"embeddable":true,"href":"https:\/\/diversoclassificados.com\/index.php?rest_route=%2Fwp%2Fv2%2Fcomments&post=106"}],"version-history":[{"count":53,"href":"https:\/\/diversoclassificados.com\/index.php?rest_route=\/wp\/v2\/pages\/106\/revisions"}],"predecessor-version":[{"id":1599,"href":"https:\/\/diversoclassificados.com\/index.php?rest_route=\/wp\/v2\/pages\/106\/revisions\/1599"}],"wp:featuredmedia":[{"embeddable":true,"href":"https:\/\/diversoclassificados.com\/index.php?rest_route=\/wp\/v2\/media\/144"}],"wp:attachment":[{"href":"https:\/\/diversoclassificados.com\/index.php?rest_route=%2Fwp%2Fv2%2Fmedia&parent=106"}],"curies":[{"name":"wp","href":"https:\/\/api.w.org\/{rel}","templated":true}]}}