{"id":1037,"date":"2024-09-27T21:49:16","date_gmt":"2024-09-28T00:49:16","guid":{"rendered":"https:\/\/diversoclassificados.com\/?page_id=1037"},"modified":"2024-09-27T21:57:18","modified_gmt":"2024-09-28T00:57:18","slug":"politica-de-privacidade","status":"publish","type":"page","link":"https:\/\/diversoclassificados.com\/?page_id=1037","title":{"rendered":"Pol\u00edtica de privacidade"},"content":{"rendered":"\t\t<div data-elementor-type=\"wp-page\" data-elementor-id=\"1037\" class=\"elementor elementor-1037\">\n\t\t\t\t<div class=\"elementor-element elementor-element-348f38a e-flex e-con-boxed e-con e-parent\" data-id=\"348f38a\" data-element_type=\"container\" data-e-type=\"container\">\n\t\t\t\t\t<div class=\"e-con-inner\">\n\t\t\t\t<div class=\"elementor-element elementor-element-150d29e elementor-widget elementor-widget-heading\" data-id=\"150d29e\" data-element_type=\"widget\" data-e-type=\"widget\" data-widget_type=\"heading.default\">\n\t\t\t\t<div class=\"elementor-widget-container\">\n\t\t\t\t\t<h2 class=\"elementor-heading-title elementor-size-default\">POL\u00cdTICA DE PRIVACIDADE<\/h2>\t\t\t\t<\/div>\n\t\t\t\t<\/div>\n\t\t<div class=\"elementor-element elementor-element-8fe4177 e-flex e-con-boxed e-con e-child\" data-id=\"8fe4177\" data-element_type=\"container\" data-e-type=\"container\">\n\t\t\t\t\t<div class=\"e-con-inner\">\n\t\t\t\t<div class=\"elementor-element elementor-element-5beb203 elementor-widget elementor-widget-text-editor\" data-id=\"5beb203\" data-element_type=\"widget\" data-e-type=\"widget\" data-widget_type=\"text-editor.default\">\n\t\t\t\t<div class=\"elementor-widget-container\">\n\t\t\t\t\t\t\t\t\t<p><strong>Todos os servi\u00e7os prestados pelo site Diverso Classificados est\u00e3o sujeitos aos termos listados nesta p\u00e1gina.<\/strong><\/p><p><strong>POL\u00cdTICAS:<\/strong><\/p><p><strong>1 &#8211; Gerais:<\/strong><\/p><ul><li>O cadastro no Site \u00e9 gratuito, assim como a postagem de an\u00fancios.<\/li><li>Ao acessar, cadastrar, comprar, fazer neg\u00f3cio ou estabelecer contato com outros Usu\u00e1rios no site, automaticamente voc\u00ea aceita as condi\u00e7\u00f5es estabelecidas em nossa Pol\u00edtica de Privacidade descritas nesta p\u00e1gina.<\/li><li>Nosso Site foi criado com o objetivo de democratizar a divulga\u00e7\u00e3o de an\u00fancios e informa\u00e7\u00f5es para aqueles que querem um servi\u00e7o de qualidade sem gastar muito. Sendo assim, \u00e9 importante que cada Usu\u00e1rio entenda que nossa plataforma \u00e9 apenas uma <strong>mediadora<\/strong> de informa\u00e7\u00f5es e de an\u00fancios, sendo de responsabilidade de cada um postar com honestidade e sondar os classificados com crit\u00e9rio, procurando n\u00e3o se expor para pessoas desconhecidas, correndo o risco de cair em golpes.<\/li><li>Todo o acesso \u00e0s informa\u00e7\u00f5es e pagamentos (no caso de vendas realizadas pelo site) ser\u00e1 feito pelos usu\u00e1rios entre si; nossa plataforma n\u00e3o interfere e nem cobra nenhuma taxa ou valor, por isso, desconsidere e-mail&#8217;s e mensagens maliciosas.<\/li><li>O Site interpreta que todos os cadastros efetuados por menores de 18 anos s\u00e3o feitos com o consentimento dos respons\u00e1veis.<\/li><\/ul><p><strong>2 &#8211; Sua conta:<\/strong><\/p><ul><li>O cadastro no Site \u00e9 gratuito. Todo o processo ser\u00e1 informado atrav\u00e9s da \u00e1rea de membros por e-mails, para que possibilite o acompanhamento pelo Usu\u00e1rio.<\/li><li>O Site n\u00e3o se responsabiliza por cadastros efetuados com endere\u00e7os de e-mail inv\u00e1lidos que impossibilitem os comunicados ou acesso \u00e0 conta do Usu\u00e1rio. Todas as informa\u00e7\u00f5es fornecidas pelo Usu\u00e1rio devem ser exatas, precisas e verdadeiras, e devidamente atualizadas, caso ocorra qualquer altera\u00e7\u00e3o.<\/li><li>O Site n\u00e3o se responsabilizar\u00e1 pela corre\u00e7\u00e3o de dados pessoais inseridos pelo Usu\u00e1rio, pois nossos assinantes s\u00e3o respons\u00e1veis, em qualquer caso, pela veracidade, precis\u00e3o e autenticidade dos dados pessoais cadastrados.<\/li><li>O Site pode, caso ache necess\u00e1rio, encerrar contas, remover an\u00fancios e editar conte\u00fado sem aviso pr\u00e9vio.<\/li><li>O Site\u00a0 tomar\u00e1 todas as medidas poss\u00edveis para manter a confidencialidade, seguran\u00e7a e sigilo das informa\u00e7\u00f5es dos Usu\u00e1rios, por\u00e9m n\u00e3o responder\u00e1 por preju\u00edzo que possa ser derivado da viola\u00e7\u00e3o dessas medidas por parte de terceiros que utilizem as redes p\u00fablicas ou a internet, subvertendo os sistemas de seguran\u00e7a para acessar as informa\u00e7\u00f5es de Usu\u00e1rios.<\/li><li>Caso o Usu\u00e1rio tenha perdido login e senha, e n\u00e3o consiga recuperar pelos meios disponibilizados pelo Site, ent\u00e3o dever\u00e1 criar um novo cadastro e pedir o cancelamento do antigo. A Plataforma reserva-se no direito de n\u00e3o fornecer login e senhas para qualquer um que entre em contato alegando ser dono ou dona de uma conta.<\/li><\/ul><p><strong>3 &#8211; Copyright:<\/strong><\/p><ul><li>S\u00e3o de propriedade do site Diverso Classificados: layout do site, logotipo, textos, fotos, \u00edcones e organiza\u00e7\u00e3o dos mesmos.<\/li><li>N\u00e3o \u00e9 permitido copiar ou reproduzir este conte\u00fado sem autoriza\u00e7\u00e3o pr\u00e9via e expl\u00edcita do Site.<\/li><li>Tais direitos est\u00e3o protegidos pela legisla\u00e7\u00e3o vigente brasileira e internacional relativa \u00e0 propriedade intelectual e industrial.<\/li><li>O material contido neste site destina-se a divulga\u00e7\u00e3o de informa\u00e7\u00f5es em forma de classificados, com o objetivo de dissemina\u00e7\u00e3o de conte\u00fado para informar, instruir, divulgar e fazer neg\u00f3cios.<\/li><\/ul><p><strong>4 &#8211; Responsabilidade:<\/strong><\/p><ul><li>\u00c9 de inteira responsabilidade dos Usu\u00e1rios a clareza e a veracidade das informa\u00e7\u00f5es postadas nos an\u00fancios.<\/li><li>O Site n\u00e3o garante que as informa\u00e7\u00f5es contidas nos an\u00fancios estejam completas e claras.<\/li><li>O Site n\u00e3o se responsabiliza por danos e erros decorrentes de conex\u00e3o com a internet.<\/li><li>O Site n\u00e3o se responsabiliza por danos morais ou financeiros decorrentes de negocia\u00e7\u00f5es entre comprador e vendedor, e nem por problemas log\u00edsticos que relacionados com a falta de entrega ou atraso de entrega decorrentes dos servi\u00e7os das ag\u00eancias dos correios.<\/li><\/ul><p><strong>5 &#8211; Altera\u00e7\u00f5es:<\/strong> o Site reserva-se, a qualquer tempo, no direito de fazer qualquer altera\u00e7\u00e3o em: pol\u00edtica de privacidade, termos e condi\u00e7\u00f5es de uso e regras para an\u00fancios.<\/p><p><strong>6 &#8211; An\u00fancios:<\/strong><\/p><ul><li>O Site, atrav\u00e9s do cadastro dos Usu\u00e1rios, libera espa\u00e7os para a divulga\u00e7\u00e3o de an\u00fancios de diversas categorias, n\u00f3s n\u00e3o postamos classificados, por isso n\u00e3o nos responsabilizamos pela veracidade e clareza desses an\u00fancios. Sendo assim, o Diverso Classificados se reserva no direito de excluir an\u00fancios e contas que n\u00e3o cumprirem as Regras de Conduta estabelecidas pela nossa plataforma.<\/li><li>O Diverso Classificados \u00e9 uma plataforma brasileira, e reserva-se no direito de disponibilizar os servi\u00e7os apenas em l\u00edngua portuguesa.<\/li><li>As imagens utilizadas na apresenta\u00e7\u00e3o dos an\u00fancios s\u00e3o meramente ilustrativas e utilizadas para que o Usu\u00e1rio tenha uma ideia do conte\u00fado postado. A sele\u00e7\u00e3o destas ficar\u00e1 a crit\u00e9rio dos anunciantes, por\u00e9m, quando uma postagem for identificada como propaganda enganosa, descumprindo, assim, as Regras de Conduta, ser\u00e1 retirada sem aviso pr\u00e9vio.<\/li><li>Todas as ofertas, promo\u00e7\u00f5es, pre\u00e7os, condi\u00e7\u00e3o dos produtos, forma de pagamento, meios e data de entregas s\u00e3o de responsabilidade dos Usu\u00e1rios.<\/li><li>O site n\u00e3o pode ser responsabilizar pelos servi\u00e7os prestados pelos Usu\u00e1rios e nem pela gest\u00e3o dos pagamentos, assim como a garantia de entrega, no caso de compra, dos produtos. Cada usu\u00e1rios dever\u00e1 avaliar o an\u00fancio e garantir pela sua pr\u00f3pria seguran\u00e7a.<\/li><li>Nosso Site foi criado com o objetivo de democratizar a divulga\u00e7\u00e3o de an\u00fancios e informa\u00e7\u00f5es para aqueles que querem um servi\u00e7o de qualidade sem gastar muito. Sendo assim, \u00e9 importante que cada Usu\u00e1rio entenda que nossa plataforma \u00e9 apenas uma mediadora de informa\u00e7\u00f5es, sendo de responsabilidade de cada um postar com honestidade e sondar os classificados com crit\u00e9rio, procurando n\u00e3o se expor para pessoas desconhecidas, correndo o risco de cair em golpes.<\/li><li>Todo o acesso \u00e0s informa\u00e7\u00f5es e pagamentos (no caso de vendas realizadas pelo site) ser\u00e1 feito pelos usu\u00e1rios entre si; nossa plataforma n\u00e3o interfere e nem cobra nenhuma taxa ou valor, por isso, desconsidere e-mail&#8217;s e mensagens maliciosas.<\/li><li>O Site n\u00e3o se responsabiliza por danos morais ou financeiros decorrentes de negocia\u00e7\u00f5es entre comprador e vendedor, e nem por problemas log\u00edsticos que relacionados com a falta de entrega ou atraso de entrega decorrentes dos servi\u00e7os das ag\u00eancias dos correios.<\/li><\/ul><p><strong>6.1 &#8211; prote\u00e7\u00e3o contra fraude:<\/strong> caso haja suspeita de fraude ou den\u00fancia, o Diverso Classificados reserva-se no direito de:<\/p><ul><li>Cancelar o an\u00fancio e a conta do Usu\u00e1rio.<\/li><li>Informar as autoridades em rela\u00e7\u00e3o \u00e0 suspeita.<\/li><li>Informar bancos e carteiras digitais em rela\u00e7\u00e3o \u00e0 suspeita, para que haja an\u00e1lise de cr\u00e9dito, antecedentes e demais situa\u00e7\u00f5es.<\/li><li>Entrar em contato com compradores com advert\u00eancias de ALERTA.<\/li><\/ul><p><strong>7 &#8211; Cancelamentos:<\/strong><\/p><ul><li>O site reserva-se do direito de cancelar an\u00fancios e contas que n\u00e3o estejam de acordo com as Regras de Conduta do Usu\u00e1rio, mediante e den\u00fancias e an\u00e1lise\u00a0 por parte dos administradores da plataforma.<\/li><\/ul><p><strong>7.4\u00a0 &#8211;\u00a0 Em caso de vendas:<\/strong><\/p><ul><li>Caso um Usu\u00e1rio queira cancelar a compra de um produto antes do mesmo ter chegado pelos correios, toda a negocia\u00e7\u00e3o dever\u00e1 ser feita entre vendedor e comprador; nossa plataforma n\u00e3o \u00e9 um marketplace, apenas cedemos espa\u00e7o para a postagem de an\u00fancios, onde os anunciantes dever\u00e3o incluir em sua postagem os termos de compra, assim como os meios de contato para que possa ser localizado pelos interessados na compra.<\/li><li>O Site n\u00e3o se responsabiliza por roubos ou extravios de mercadorias.<\/li><li>Em caso de problemas entre comprador e vendedor, onde ocorram situa\u00e7\u00f5es envolvendo reembolso, em que a legisla\u00e7\u00e3o brasileira seja acionada (Procom), o Diverso Classificados fornecer\u00e1 para as Autoridades Competentes todas as informa\u00e7\u00f5es solicitadas para auxiliar o Usu\u00e1rio que tenha sido lesado.<\/li><li>O Site interpreta que as compras s\u00e3o realizadas por maiores de 18 anos, sendo de inteira responsabilidade da fam\u00edlia monitorar seus filhos ou filhas. Interpreta tamb\u00e9m que tais compras s\u00e3o autorizadas pelos pais. Ainda assim, nossa plataforma reserva-se no direito de cancelar contas a pedido de respons\u00e1veis por menores de idade. O cancelamento da compra, no entanto, dever\u00e1 ser feita pelo vendedor, uma vez que somos apenas uma mediadora de informa\u00e7\u00f5es.<\/li><\/ul><p><strong>8 &#8211; Compromisso com a seguran\u00e7a e a confidencialidade das informa\u00e7\u00f5es:<\/strong><\/p><p><strong>1. Coleta de dados: <\/strong>as informa\u00e7\u00f5es s\u00e3o armazenadas em ambiente seguro e de acesso exclusivo do Site e coletadas atrav\u00e9s de:<\/p><ul><li>1.1. Cadastro no site;<\/li><li>1.2. Quando um cliente clica em banners e publicidade dentro da plataforma (ex: Google);<\/li><li>1.3. Respostas de pesquisas e encaminhamento de sugest\u00f5es.<\/li><\/ul><p><strong>2. Utiliza\u00e7\u00e3o dos dados:<\/strong><\/p><ul><li>2.1. Atender a solicita\u00e7\u00f5es de servi\u00e7os ou informa\u00e7\u00f5es;<\/li><li>2.2 Divulgar altera\u00e7\u00f5es, lan\u00e7amentos e promo\u00e7\u00f5es;<\/li><li>2.3. Alterar dados da plataforma com base em sugest\u00f5es dos Usu\u00e1rios;<\/li><li>2.4. Manter atualizados os cadastros dos usu\u00e1rios para fins de contato telef\u00f4nico, por e-mail, via mala direta, e-mail marketing, SMS ou outros meios de comunica\u00e7\u00e3o.<\/li><\/ul><p><strong>3. Divulga\u00e7\u00e3o de Dados:<\/strong><\/p><ul><li>O Site se compromete a n\u00e3o divulgar a terceiros os dados sobre a identifica\u00e7\u00e3o individual dos usu\u00e1rios, sem pr\u00e9vio consentimento, exceto, nos casos de determina\u00e7\u00e3o judicial.<\/li><\/ul><p><strong>4. Obriga\u00e7\u00f5es do Site:<\/strong><\/p><ul><li>4.1. Coletar apenas as informa\u00e7\u00f5es sobre cadastro dos Usu\u00e1rios e an\u00fancios.<\/li><li>4.2. Cumprir todas as determina\u00e7\u00f5es desta Pol\u00edtica de Privacidade e Seguran\u00e7a de Dados.<\/li><\/ul><p><strong>5. Responsabilidade do usu\u00e1rio:<\/strong><\/p><ul><li>Zelar pelos dados de sua identifica\u00e7\u00e3o digital individual sempre que acessar a Internet e cumprir as determina\u00e7\u00f5es e procedimentos previstos nesta Pol\u00edtica.<\/li><\/ul><p><strong>6. Exclus\u00e3o de contato:<\/strong><\/p><ul><li>O Site respeita a sua privacidade. Caso tenha perdido login e senha ou n\u00e3o esteja conseguido excluir um an\u00fancio que tenha seus contatos descritos, basta nos enviar uma mensagem pelo e-mail disponibilizado pelo Site e solicitar a exclus\u00e3o do an\u00fancio ou conta.<\/li><\/ul><p><strong>7. Altera\u00e7\u00f5es nesta pol\u00edtica:<\/strong><\/p><ul><li>O Site reserva-se o direito de modificar a presente pol\u00edtica a qualquer momento. Caso haja alguma mudan\u00e7a na maneira como utilizamos suas informa\u00e7\u00f5es, notificaremos com an\u00fancio em destaque no site.<\/li><\/ul><p>\u00a0<\/p><p>As partes contratantes elegem o foro da Comarca da Capital do Estado de Minas Gerais, com ren\u00fancia expressa de qualquer outro, por mais privilegiado que seja, sendo aplicadas as leis brasileiras para dirimir quaisquer quest\u00f5es ou lit\u00edgios oriundos do presente contrato.\u00a0<\/p><p>\u00a0<\/p><p><strong>DICAS DE SEGURAN\u00c7A:<\/strong><\/p><ul><li>Aconselhamos a n\u00e3o marcar encontros com clientes e, caso seja necess\u00e1rio, JAMAIS V\u00c1 DESACOMPANHADO\/A;<\/li><li>JAMAIS divulgue informa\u00e7\u00f5es pessoais, como nome completo, idade, endere\u00e7o, n\u00famero de conta, etc. Divulgue apenas as informa\u00e7\u00f5es necess\u00e1rias para que seus clientes te encontrem e fechem neg\u00f3cio com voc\u00ea;<\/li><li>JAMAIS deposite nenhum valor, por menor que seja, na conta banc\u00e1ria de qualquer usu\u00e1rio, ou pague boletos, mesmo que digam se tratar de um servi\u00e7o cobrado pelo site ou por qualquer outro motivo. N\u00f3s n\u00e3o cobramos por nossos servi\u00e7os;<\/li><li>DESCONSIDERE qualquer e-mail ou mensagem que cobre algum valor alegando se tratar de nossa plataforma. Caso haja algum servi\u00e7o cobrado pelo site, ele ser\u00e1 inclu\u00eddo nos pacotes oferecidos pela nossa loja.<\/li><li>N\u00c3O clique em nenhum link enviado por algum Usu\u00e1rios do site, ainda que alegue se tratar de nossa plataforma. Tamb\u00e9m evite clicar em links inclu\u00eddos nas descri\u00e7\u00f5es dos an\u00fancios.<\/li><\/ul>\t\t\t\t\t\t\t\t<\/div>\n\t\t\t\t<\/div>\n\t\t\t\t\t<\/div>\n\t\t\t\t<\/div>\n\t\t\t\t\t<\/div>\n\t\t\t\t<\/div>\n\t\t\t\t<\/div>\n\t\t","protected":false},"excerpt":{"rendered":"<p>POL\u00cdTICA DE PRIVACIDADE Todos os servi\u00e7os prestados pelo site Diverso Classificados est\u00e3o sujeitos aos termos listados nesta p\u00e1gina. POL\u00cdTICAS: 1 &#8211; Gerais: O cadastro no Site \u00e9 gratuito, assim como a postagem de an\u00fancios. Ao acessar, cadastrar, comprar, fazer neg\u00f3cio ou estabelecer contato com outros Usu\u00e1rios no site, automaticamente voc\u00ea aceita as condi\u00e7\u00f5es estabelecidas em [&hellip;]<\/p>\n","protected":false},"author":1,"featured_media":144,"parent":0,"menu_order":0,"comment_status":"closed","ping_status":"closed","template":"","meta":{"footnotes":""},"class_list":["post-1037","page","type-page","status-publish","has-post-thumbnail","hentry"],"yoast_head":"<!-- This site is optimized with the Yoast SEO plugin v27.5 - https:\/\/yoast.com\/product\/yoast-seo-wordpress\/ -->\n<title>Pol\u00edtica de privacidade - Diversoclassificados<\/title>\n<meta name=\"robots\" content=\"index, follow, max-snippet:-1, max-image-preview:large, max-video-preview:-1\" \/>\n<link rel=\"canonical\" href=\"https:\/\/diversoclassificados.com\/?page_id=1037\" \/>\n<meta property=\"og:locale\" content=\"pt_BR\" \/>\n<meta property=\"og:type\" content=\"article\" \/>\n<meta property=\"og:title\" content=\"Pol\u00edtica de privacidade - Diversoclassificados\" \/>\n<meta property=\"og:description\" content=\"POL\u00cdTICA DE PRIVACIDADE Todos os servi\u00e7os prestados pelo site Diverso Classificados est\u00e3o sujeitos aos termos listados nesta p\u00e1gina. POL\u00cdTICAS: 1 &#8211; Gerais: O cadastro no Site \u00e9 gratuito, assim como a postagem de an\u00fancios. Ao acessar, cadastrar, comprar, fazer neg\u00f3cio ou estabelecer contato com outros Usu\u00e1rios no site, automaticamente voc\u00ea aceita as condi\u00e7\u00f5es estabelecidas em [&hellip;]\" \/>\n<meta property=\"og:url\" content=\"https:\/\/diversoclassificados.com\/?page_id=1037\" \/>\n<meta property=\"og:site_name\" content=\"Diversoclassificados\" \/>\n<meta property=\"article:modified_time\" content=\"2024-09-28T00:57:18+00:00\" \/>\n<meta property=\"og:image\" content=\"https:\/\/diversoclassificados.com\/wp-content\/uploads\/2024\/01\/abstrack_backhround_blue__generated.jpg\" \/>\n\t<meta property=\"og:image:width\" content=\"1920\" \/>\n\t<meta property=\"og:image:height\" content=\"1011\" \/>\n\t<meta property=\"og:image:type\" content=\"image\/jpeg\" \/>\n<meta name=\"twitter:card\" content=\"summary_large_image\" \/>\n<meta name=\"twitter:label1\" content=\"Est. tempo de leitura\" \/>\n\t<meta name=\"twitter:data1\" content=\"10 minutos\" \/>\n<script type=\"application\/ld+json\" class=\"yoast-schema-graph\">{\"@context\":\"https:\\\/\\\/schema.org\",\"@graph\":[{\"@type\":\"WebPage\",\"@id\":\"https:\\\/\\\/diversoclassificados.com\\\/?page_id=1037\",\"url\":\"https:\\\/\\\/diversoclassificados.com\\\/?page_id=1037\",\"name\":\"Pol\u00edtica de privacidade - Diversoclassificados\",\"isPartOf\":{\"@id\":\"https:\\\/\\\/diversoclassificados.com\\\/#website\"},\"primaryImageOfPage\":{\"@id\":\"https:\\\/\\\/diversoclassificados.com\\\/?page_id=1037#primaryimage\"},\"image\":{\"@id\":\"https:\\\/\\\/diversoclassificados.com\\\/?page_id=1037#primaryimage\"},\"thumbnailUrl\":\"https:\\\/\\\/diversoclassificados.com\\\/wp-content\\\/uploads\\\/2024\\\/01\\\/abstrack_backhround_blue__generated.jpg\",\"datePublished\":\"2024-09-28T00:49:16+00:00\",\"dateModified\":\"2024-09-28T00:57:18+00:00\",\"breadcrumb\":{\"@id\":\"https:\\\/\\\/diversoclassificados.com\\\/?page_id=1037#breadcrumb\"},\"inLanguage\":\"pt-BR\",\"potentialAction\":[{\"@type\":\"ReadAction\",\"target\":[\"https:\\\/\\\/diversoclassificados.com\\\/?page_id=1037\"]}]},{\"@type\":\"ImageObject\",\"inLanguage\":\"pt-BR\",\"@id\":\"https:\\\/\\\/diversoclassificados.com\\\/?page_id=1037#primaryimage\",\"url\":\"https:\\\/\\\/diversoclassificados.com\\\/wp-content\\\/uploads\\\/2024\\\/01\\\/abstrack_backhround_blue__generated.jpg\",\"contentUrl\":\"https:\\\/\\\/diversoclassificados.com\\\/wp-content\\\/uploads\\\/2024\\\/01\\\/abstrack_backhround_blue__generated.jpg\",\"width\":1920,\"height\":1011},{\"@type\":\"BreadcrumbList\",\"@id\":\"https:\\\/\\\/diversoclassificados.com\\\/?page_id=1037#breadcrumb\",\"itemListElement\":[{\"@type\":\"ListItem\",\"position\":1,\"name\":\"In\u00edcio\",\"item\":\"https:\\\/\\\/diversoclassificados.com\\\/\"},{\"@type\":\"ListItem\",\"position\":2,\"name\":\"Pol\u00edtica de privacidade\"}]},{\"@type\":\"WebSite\",\"@id\":\"https:\\\/\\\/diversoclassificados.com\\\/#website\",\"url\":\"https:\\\/\\\/diversoclassificados.com\\\/\",\"name\":\"Diversoclassificados\",\"description\":\"\",\"publisher\":{\"@id\":\"https:\\\/\\\/diversoclassificados.com\\\/#organization\"},\"potentialAction\":[{\"@type\":\"SearchAction\",\"target\":{\"@type\":\"EntryPoint\",\"urlTemplate\":\"https:\\\/\\\/diversoclassificados.com\\\/?s={search_term_string}\"},\"query-input\":{\"@type\":\"PropertyValueSpecification\",\"valueRequired\":true,\"valueName\":\"search_term_string\"}}],\"inLanguage\":\"pt-BR\"},{\"@type\":\"Organization\",\"@id\":\"https:\\\/\\\/diversoclassificados.com\\\/#organization\",\"name\":\"Diversoclassificados\",\"url\":\"https:\\\/\\\/diversoclassificados.com\\\/\",\"logo\":{\"@type\":\"ImageObject\",\"inLanguage\":\"pt-BR\",\"@id\":\"https:\\\/\\\/diversoclassificados.com\\\/#\\\/schema\\\/logo\\\/image\\\/\",\"url\":\"https:\\\/\\\/diversoclassificados.com\\\/wp-content\\\/uploads\\\/2024\\\/07\\\/cropped-3-1.png\",\"contentUrl\":\"https:\\\/\\\/diversoclassificados.com\\\/wp-content\\\/uploads\\\/2024\\\/07\\\/cropped-3-1.png\",\"width\":234,\"height\":100,\"caption\":\"Diversoclassificados\"},\"image\":{\"@id\":\"https:\\\/\\\/diversoclassificados.com\\\/#\\\/schema\\\/logo\\\/image\\\/\"}}]}<\/script>\n<!-- \/ Yoast SEO plugin. -->","yoast_head_json":{"title":"Pol\u00edtica de privacidade - Diversoclassificados","robots":{"index":"index","follow":"follow","max-snippet":"max-snippet:-1","max-image-preview":"max-image-preview:large","max-video-preview":"max-video-preview:-1"},"canonical":"https:\/\/diversoclassificados.com\/?page_id=1037","og_locale":"pt_BR","og_type":"article","og_title":"Pol\u00edtica de privacidade - Diversoclassificados","og_description":"POL\u00cdTICA DE PRIVACIDADE Todos os servi\u00e7os prestados pelo site Diverso Classificados est\u00e3o sujeitos aos termos listados nesta p\u00e1gina. POL\u00cdTICAS: 1 &#8211; Gerais: O cadastro no Site \u00e9 gratuito, assim como a postagem de an\u00fancios. Ao acessar, cadastrar, comprar, fazer neg\u00f3cio ou estabelecer contato com outros Usu\u00e1rios no site, automaticamente voc\u00ea aceita as condi\u00e7\u00f5es estabelecidas em [&hellip;]","og_url":"https:\/\/diversoclassificados.com\/?page_id=1037","og_site_name":"Diversoclassificados","article_modified_time":"2024-09-28T00:57:18+00:00","og_image":[{"width":1920,"height":1011,"url":"https:\/\/diversoclassificados.com\/wp-content\/uploads\/2024\/01\/abstrack_backhround_blue__generated.jpg","type":"image\/jpeg"}],"twitter_card":"summary_large_image","twitter_misc":{"Est. tempo de leitura":"10 minutos"},"schema":{"@context":"https:\/\/schema.org","@graph":[{"@type":"WebPage","@id":"https:\/\/diversoclassificados.com\/?page_id=1037","url":"https:\/\/diversoclassificados.com\/?page_id=1037","name":"Pol\u00edtica de privacidade - Diversoclassificados","isPartOf":{"@id":"https:\/\/diversoclassificados.com\/#website"},"primaryImageOfPage":{"@id":"https:\/\/diversoclassificados.com\/?page_id=1037#primaryimage"},"image":{"@id":"https:\/\/diversoclassificados.com\/?page_id=1037#primaryimage"},"thumbnailUrl":"https:\/\/diversoclassificados.com\/wp-content\/uploads\/2024\/01\/abstrack_backhround_blue__generated.jpg","datePublished":"2024-09-28T00:49:16+00:00","dateModified":"2024-09-28T00:57:18+00:00","breadcrumb":{"@id":"https:\/\/diversoclassificados.com\/?page_id=1037#breadcrumb"},"inLanguage":"pt-BR","potentialAction":[{"@type":"ReadAction","target":["https:\/\/diversoclassificados.com\/?page_id=1037"]}]},{"@type":"ImageObject","inLanguage":"pt-BR","@id":"https:\/\/diversoclassificados.com\/?page_id=1037#primaryimage","url":"https:\/\/diversoclassificados.com\/wp-content\/uploads\/2024\/01\/abstrack_backhround_blue__generated.jpg","contentUrl":"https:\/\/diversoclassificados.com\/wp-content\/uploads\/2024\/01\/abstrack_backhround_blue__generated.jpg","width":1920,"height":1011},{"@type":"BreadcrumbList","@id":"https:\/\/diversoclassificados.com\/?page_id=1037#breadcrumb","itemListElement":[{"@type":"ListItem","position":1,"name":"In\u00edcio","item":"https:\/\/diversoclassificados.com\/"},{"@type":"ListItem","position":2,"name":"Pol\u00edtica de privacidade"}]},{"@type":"WebSite","@id":"https:\/\/diversoclassificados.com\/#website","url":"https:\/\/diversoclassificados.com\/","name":"Diversoclassificados","description":"","publisher":{"@id":"https:\/\/diversoclassificados.com\/#organization"},"potentialAction":[{"@type":"SearchAction","target":{"@type":"EntryPoint","urlTemplate":"https:\/\/diversoclassificados.com\/?s={search_term_string}"},"query-input":{"@type":"PropertyValueSpecification","valueRequired":true,"valueName":"search_term_string"}}],"inLanguage":"pt-BR"},{"@type":"Organization","@id":"https:\/\/diversoclassificados.com\/#organization","name":"Diversoclassificados","url":"https:\/\/diversoclassificados.com\/","logo":{"@type":"ImageObject","inLanguage":"pt-BR","@id":"https:\/\/diversoclassificados.com\/#\/schema\/logo\/image\/","url":"https:\/\/diversoclassificados.com\/wp-content\/uploads\/2024\/07\/cropped-3-1.png","contentUrl":"https:\/\/diversoclassificados.com\/wp-content\/uploads\/2024\/07\/cropped-3-1.png","width":234,"height":100,"caption":"Diversoclassificados"},"image":{"@id":"https:\/\/diversoclassificados.com\/#\/schema\/logo\/image\/"}}]}},"_links":{"self":[{"href":"https:\/\/diversoclassificados.com\/index.php?rest_route=\/wp\/v2\/pages\/1037","targetHints":{"allow":["GET"]}}],"collection":[{"href":"https:\/\/diversoclassificados.com\/index.php?rest_route=\/wp\/v2\/pages"}],"about":[{"href":"https:\/\/diversoclassificados.com\/index.php?rest_route=\/wp\/v2\/types\/page"}],"author":[{"embeddable":true,"href":"https:\/\/diversoclassificados.com\/index.php?rest_route=\/wp\/v2\/users\/1"}],"replies":[{"embeddable":true,"href":"https:\/\/diversoclassificados.com\/index.php?rest_route=%2Fwp%2Fv2%2Fcomments&post=1037"}],"version-history":[{"count":4,"href":"https:\/\/diversoclassificados.com\/index.php?rest_route=\/wp\/v2\/pages\/1037\/revisions"}],"predecessor-version":[{"id":1043,"href":"https:\/\/diversoclassificados.com\/index.php?rest_route=\/wp\/v2\/pages\/1037\/revisions\/1043"}],"wp:featuredmedia":[{"embeddable":true,"href":"https:\/\/diversoclassificados.com\/index.php?rest_route=\/wp\/v2\/media\/144"}],"wp:attachment":[{"href":"https:\/\/diversoclassificados.com\/index.php?rest_route=%2Fwp%2Fv2%2Fmedia&parent=1037"}],"curies":[{"name":"wp","href":"https:\/\/api.w.org\/{rel}","templated":true}]}}